{"id":532,"date":"2023-08-21T11:37:30","date_gmt":"2023-08-21T09:37:30","guid":{"rendered":"https:\/\/www.baum-ok.at\/pogats\/?page_id=532"},"modified":"2023-08-21T11:47:29","modified_gmt":"2023-08-21T09:47:29","slug":"impressum","status":"publish","type":"page","link":"https:\/\/www.baum-ok.at\/pogats\/impressum\/","title":{"rendered":"Impressum"},"content":{"rendered":"\n<p><\/p>\n\n\n\n<p class=\"has-small-font-size\">Haftungshinweis<br>Trotz sorgf\u00e4ltiger inhaltlicher Kontrolle \u00fcbernehmen wir keine Haftung f\u00fcr die Inhalte externer Links. F\u00fcr den Inhalt der verlinkten Seiten sind ausschlie\u00dflich deren Betreiber verantwortlich. Lesen Sie dazu auch unseren Haftungsausschluss. <\/p>\n\n\n\n<p class=\"has-small-font-size\">Inhalt des Onlineangebots<br>Die bereitgestellten Informationen auf dieser Website wurden sorgf\u00e4ltig erstellt und gepr\u00fcft. Jedoch \u00fcbernehmen wir keinerlei Gew\u00e4hr f\u00fcr die Aktualit\u00e4t, Korrektheit, Vollst\u00e4ndigkeit oder Qualit\u00e4t der bereitgestellten Informationen. Haftungsanspr\u00fcche gegen den Betreiber der Webseite, welche sich auf Sch\u00e4den materieller oder ideeller Art beziehen, die durch die Nutzung oder Nichtnutzung der dargebotenen Informationen bzw. durch die Nutzung fehlerhafter und unvollst\u00e4ndiger Informationen verursacht wurden, sind grunds\u00e4tzlich ausgeschlossen, sofern seitens des Betreibers kein nachweislich vors\u00e4tzliches oder grob fahrl\u00e4ssiges Verschulden vorliegt. Alle Angebote sind freibleibend und unverbindlich. Der Betreiber beh\u00e4lt es sich ausdr\u00fccklich vor, Teile der Seiten oder das gesamte Angebot ohne gesonderte Ank\u00fcndigung zu ver\u00e4ndern, zu erg\u00e4nzen, zu l\u00f6schen oder die Ver\u00f6ffentlichung zeitweise oder endg\u00fcltig einzustellen. <\/p>\n\n\n\n<p class=\"has-small-font-size\">Verweise und Links <br>Bei direkten oder indirekten Verweisen auf fremde Internetseiten (\u00bbLinks\u00ab), die au\u00dferhalb des Verantwortungsbereiches des Betreibers liegen, w\u00fcrde eine Haftungsverpflichtung ausschlie\u00dflich in dem Fall in Kraft treten, in dem der Betreiber von den Inhalten Kenntnis hat und es ihm technisch m\u00f6glich und zumutbar w\u00e4re, die Nutzung im Falle rechtswidriger Inhalte zu verhindern. Der Betreiber erkl\u00e4rt hiermit ausdr\u00fccklich, dass zum Zeitpunkt der Linksetzung keine illegalen Inhalte auf den zu verlinkenden Seiten erkennbar waren. Auf die aktuelle und zuk\u00fcnftige Gestaltung, die Inhalte oder die Urheberschaft der gelinkten\/verkn\u00fcpften Seiten hat er keinerlei Einfluss. Deshalb distanziert sich der Betreiber hiermit ausdr\u00fccklich von allen Inhalten aller gelinkten\/verkn\u00fcpften Seiten, die nach der Linksetzung ver\u00e4ndert wurden. Diese Feststellung gilt f\u00fcr alle innerhalb des eigenen Internetangebotes gesetzten Links und Verweise sowie f\u00fcr Fremdeintr\u00e4ge in G\u00e4steb\u00fcchern, Diskussionsforen und Mailinglisten. F\u00fcr illegale, fehlerhafte oder unvollst\u00e4ndige Inhalte und insbesondere f\u00fcr Sch\u00e4den, die aus der Nutzung oder Nichtnutzung solcherart dargebotener Informationen entstehen, haftet allein der Anbieter der Seite, auf welche verwiesen wurde, nicht derjenige, der \u00fcber Links auf die jeweilige Ver\u00f6ffentlichung lediglich verweist.<\/p>\n\n\n\n<p class=\"has-small-font-size\">Urheber- und Kennzeichenrechte Dritter<br>Der Seitenbetreiber bzw. die verantwortliche Redakteurin oder der verantwortliche Redakteur \u00fcbernimmt keine Haftung f\u00fcr unverlangt eingesandte Beitr\u00e4ge, Bilder oder Illustrationen. Der Betreiber ist bestrebt, in allen Publikationen die Urheberrechte der verwendeten Grafiken, Tondokumente, Videosequenzen und Texte zu beachten, von ihm selbst erstellte Grafiken, Tondokumente, Videosequenzen und Texte zu nutzen oder auf lizenzfreie Grafiken, Tondokumente, Videosequenzen und Texte zur\u00fcckzugreifen. Alle innerhalb des Internetangebotes genannten und ggf. durch Dritte gesch\u00fctzten Marken- und Warenzeichen unterliegen uneingeschr\u00e4nkt den Bestimmungen des jeweils g\u00fcltigen Kennzeichenrechts und den Besitzrechten der jeweiligen eingetragenen Eigent\u00fcmer. Allein aufgrund der blo\u00dfen Nennung ist nicht der Schluss zu ziehen, dass Markenzeichen nicht durch Rechte Dritter gesch\u00fctzt sind. Das Bildmaterial ist von freepik.com und fotofolio.de erworben.<\/p>\n\n\n\n<p class=\"has-small-font-size\">Nutzungsrechte<br>Das Urheberrecht f\u00fcr ver\u00f6ffentlichte, vom Seitenbetreiber selbst erstellte Objekte bleibt allein bei ihm. Eine Vervielf\u00e4ltigung oder Verwendung solcher Grafiken, Tondokumente, Videosequenzen und Texte in anderen elektronischen oder gedruckten Publikationen ist ohne ausdr\u00fcckliche Zustimmung des Seitenbetreibers nicht gestattet. Die Nutzung der Inhalte dieser Website auf einer anderen Website bzw. auf vernetzten Rechnern ist ebenfalls ohne ausdr\u00fcckliche Zustimmung nicht gestattet.<\/p>\n\n\n\n<p class=\"has-small-font-size\">Rechtswirksamkeit dieses Haftungsausschlusses<br>Dieser Haftungsausschluss ist als Teil des Internetangebotes zu betrachten. Sofern Teile oder einzelne Formulierungen dieses Textes der geltenden Rechtslage nicht, nicht mehr oder nicht vollst\u00e4ndig entsprechen sollten, bleiben die \u00fcbrigen Teile des Dokumentes in ihrem Inhalt und ihrer G\u00fcltigkeit davon unber\u00fchrt. Inhaber:<\/p>\n\n\n\n<p class=\"has-small-font-size\">Inhaber: Pogats Baumpflege GmbH Raimundgasse 6, A 2563 Pottenstein<\/p>\n\n\n\n<p class=\"has-small-font-size\">Rudolf Pogats: 00(43)664-5221394<br>E-Mail: pogats@baum-ok.at <\/p>\n\n\n\n<p class=\"has-small-font-size\">Registergericht &amp; Registernummer: Amtsgericht Wr. Neustadt, \u00d6sterreich<br>Umsatzsteuer-Identifikationsnummer: ATU 79566756<br>Firmenbuchnummer: FN 607138a<br>Inhaltlich verantwortlich: Pogats Baumpflege GmbH, Adresse wie oben.<\/p>\n\n\n<style>.wp-block-kadence-spacer.kt-block-spacer-532_bee297-dc .kt-block-spacer{height:60px;}.wp-block-kadence-spacer.kt-block-spacer-532_bee297-dc .kt-divider{border-top-width:1px;height:1px;border-top-color:#eee;width:80%;border-top-style:solid;}<\/style>\n<div class=\"wp-block-kadence-spacer aligncenter kt-block-spacer-532_bee297-dc\"><div class=\"kt-block-spacer kt-block-spacer-halign-center\"><hr class=\"kt-divider\"\/><\/div><\/div>\n","protected":false},"excerpt":{"rendered":"<p>HaftungshinweisTrotz sorgf\u00e4ltiger inhaltlicher Kontrolle \u00fcbernehmen wir keine Haftung f\u00fcr die Inhalte externer Links. F\u00fcr den Inhalt der verlinkten Seiten sind ausschlie\u00dflich deren Betreiber verantwortlich. Lesen Sie dazu auch unseren Haftungsausschluss. Inhalt des OnlineangebotsDie bereitgestellten Informationen auf dieser Website wurden sorgf\u00e4ltig erstellt und gepr\u00fcft. Jedoch \u00fcbernehmen wir keinerlei Gew\u00e4hr f\u00fcr die Aktualit\u00e4t, Korrektheit, Vollst\u00e4ndigkeit oder Qualit\u00e4t&#8230;<\/p>\n","protected":false},"author":1,"featured_media":0,"parent":0,"menu_order":0,"comment_status":"closed","ping_status":"closed","template":"","meta":{"_coblocks_attr":"","_coblocks_dimensions":"","_coblocks_responsive_height":"","_coblocks_accordion_ie_support":"","_uag_custom_page_level_css":"","_kadence_starter_templates_imported_post":false,"_kad_post_transparent":"","_kad_post_title":"","_kad_post_layout":"","_kad_post_sidebar_id":"","_kad_post_content_style":"","_kad_post_vertical_padding":"","_kad_post_feature":"","_kad_post_feature_position":"","_kad_post_header":false,"_kad_post_footer":false,"footnotes":""},"class_list":["post-532","page","type-page","status-publish","hentry"],"uagb_featured_image_src":{"full":false,"thumbnail":false,"medium":false,"medium_large":false,"large":false,"1536x1536":false,"2048x2048":false},"uagb_author_info":{"display_name":"gtt_admin2","author_link":"https:\/\/www.baum-ok.at\/pogats\/author\/gtt_admin2\/"},"uagb_comment_info":0,"uagb_excerpt":"HaftungshinweisTrotz sorgf\u00e4ltiger inhaltlicher Kontrolle \u00fcbernehmen wir keine Haftung f\u00fcr die Inhalte externer Links. F\u00fcr den Inhalt der verlinkten Seiten sind ausschlie\u00dflich deren Betreiber verantwortlich. Lesen Sie dazu auch unseren Haftungsausschluss. Inhalt des OnlineangebotsDie bereitgestellten Informationen auf dieser Website wurden sorgf\u00e4ltig erstellt und gepr\u00fcft. Jedoch \u00fcbernehmen wir keinerlei Gew\u00e4hr f\u00fcr die Aktualit\u00e4t, Korrektheit, Vollst\u00e4ndigkeit oder Qualit\u00e4t...","_links":{"self":[{"href":"https:\/\/www.baum-ok.at\/pogats\/wp-json\/wp\/v2\/pages\/532","targetHints":{"allow":["GET"]}}],"collection":[{"href":"https:\/\/www.baum-ok.at\/pogats\/wp-json\/wp\/v2\/pages"}],"about":[{"href":"https:\/\/www.baum-ok.at\/pogats\/wp-json\/wp\/v2\/types\/page"}],"author":[{"embeddable":true,"href":"https:\/\/www.baum-ok.at\/pogats\/wp-json\/wp\/v2\/users\/1"}],"replies":[{"embeddable":true,"href":"https:\/\/www.baum-ok.at\/pogats\/wp-json\/wp\/v2\/comments?post=532"}],"version-history":[{"count":2,"href":"https:\/\/www.baum-ok.at\/pogats\/wp-json\/wp\/v2\/pages\/532\/revisions"}],"predecessor-version":[{"id":544,"href":"https:\/\/www.baum-ok.at\/pogats\/wp-json\/wp\/v2\/pages\/532\/revisions\/544"}],"wp:attachment":[{"href":"https:\/\/www.baum-ok.at\/pogats\/wp-json\/wp\/v2\/media?parent=532"}],"curies":[{"name":"wp","href":"https:\/\/api.w.org\/{rel}","templated":true}]}}